{"id":4420,"date":"2025-03-17T21:30:35","date_gmt":"2025-03-17T20:30:35","guid":{"rendered":"https:\/\/www.joailleriedespins.fr\/?page_id=4420"},"modified":"2025-03-19T18:39:54","modified_gmt":"2025-03-19T17:39:54","slug":"projets","status":"publish","type":"page","link":"https:\/\/www.joailleriedespins.fr\/?page_id=4420","title":{"rendered":"Projets uniques"},"content":{"rendered":"<section class=\"wpb-content-wrapper\"><p>[vc_row][vc_column][vc_empty_space height=\u00a0\u00bb125px\u00a0\u00bb css=\u00a0\u00bb.vc_custom_1742405992797{margin-top: -100px !important;background-image: url(https:\/\/www.joailleriedespins.fr\/wp-content\/uploads\/2025\/03\/banniere-page-projets.jpg?id=4446) !important;background-position: 0 0 !important;background-repeat: no-repeat !important;}\u00a0\u00bb]<div class=\"heading_group_sc wpb_content_element text-center hgs_5 has_line_divider\">\r\n\r\n      \r\n\r\n    <p data-start=\"156\" data-end=\"384\"><strong data-start=\"156\" data-end=\"226\">D\u00e9couvrez ici des dessins uniques, imagin\u00e9es pour vous avec soin et passion.<\/strong><br data-start=\"226\" data-end=\"229\" \/>Chaque bijou peut \u00eatre personnalis\u00e9 et sera r\u00e9alis\u00e9 selon vos envies : choix des pierres, des couleurs et des \u00e9l\u00e9ments naturels. Faites-en une pi\u00e8ce qui vous ressemble !<\/p>\n<p data-start=\"386\" data-end=\"513\">\u2728 <strong data-start=\"388\" data-end=\"405\">Contactez-moi<\/strong> via le formulaire en bas de page pour \u00e9changer sur votre projet et cr\u00e9er ensemble un bijou \u00e0 votre image.<\/p>\n\r\n\r\n    <div class=\"line_divider\"><\/div>    \r\n   \r\n     \r\n\r\n<\/div>[\/vc_column][\/vc_row][vc_row css=\u00a0\u00bb.vc_custom_1742280504218{margin-top: -150px !important;}\u00a0\u00bb][vc_column][\/vc_column][\/vc_row][vc_row full_width=\u00a0\u00bbstretch_row\u00a0\u00bb][vc_column align=\u00a0\u00bbtext-center\u00a0\u00bb]\n<div class=\"wpcf7 no-js\" id=\"wpcf7-f4424-o1\" lang=\"fr-FR\" dir=\"ltr\" data-wpcf7-id=\"4424\">\n<div class=\"screen-reader-response\"><p role=\"status\" aria-live=\"polite\" aria-atomic=\"true\"><\/p> <ul><\/ul><\/div>\n<form action=\"\/index.php?rest_route=%2Fwp%2Fv2%2Fpages%2F4420#wpcf7-f4424-o1\" method=\"post\" class=\"wpcf7-form init\" aria-label=\"Formulaire de contact\" novalidate=\"novalidate\" data-status=\"init\">\n<fieldset class=\"hidden-fields-container\"><input type=\"hidden\" name=\"_wpcf7\" value=\"4424\" \/><input type=\"hidden\" name=\"_wpcf7_version\" value=\"6.1\" \/><input type=\"hidden\" name=\"_wpcf7_locale\" value=\"fr_FR\" \/><input type=\"hidden\" name=\"_wpcf7_unit_tag\" value=\"wpcf7-f4424-o1\" \/><input type=\"hidden\" name=\"_wpcf7_container_post\" value=\"0\" \/><input type=\"hidden\" name=\"_wpcf7_posted_data_hash\" value=\"\" \/>\n<\/fieldset>\n<p><label> Votre nom<br \/>\n<span class=\"wpcf7-form-control-wrap\" data-name=\"your-name\"><input size=\"40\" maxlength=\"400\" class=\"wpcf7-form-control wpcf7-text wpcf7-validates-as-required\" autocomplete=\"name\" aria-required=\"true\" aria-invalid=\"false\" value=\"\" type=\"text\" name=\"your-name\" \/><\/span> <\/label>\n<\/p>\n<p><label> Votre e-mail<br \/>\n<span class=\"wpcf7-form-control-wrap\" data-name=\"your-email\"><input size=\"40\" maxlength=\"400\" class=\"wpcf7-form-control wpcf7-email wpcf7-validates-as-required wpcf7-text wpcf7-validates-as-email\" autocomplete=\"email\" aria-required=\"true\" aria-invalid=\"false\" value=\"\" type=\"email\" name=\"your-email\" \/><\/span> <\/label>\n<\/p>\n<p><label> R\u00e9f\u00e9rence du bijou qui m'int\u00e9resse<br \/>\n<span class=\"wpcf7-form-control-wrap\" data-name=\"your-subject\"><input size=\"40\" maxlength=\"400\" class=\"wpcf7-form-control wpcf7-text wpcf7-validates-as-required\" aria-required=\"true\" aria-invalid=\"false\" value=\"\" type=\"text\" name=\"your-subject\" \/><\/span> <\/label>\n<\/p>\n<p><label> Informations compl\u00e9mentaires (id\u00e9es, type de pierres, d\u00e9lai...)<br \/>\n<span class=\"wpcf7-form-control-wrap\" data-name=\"your-message\"><textarea cols=\"40\" rows=\"10\" maxlength=\"2000\" class=\"wpcf7-form-control wpcf7-textarea\" aria-invalid=\"false\" name=\"your-message\"><\/textarea><\/span> <\/label>\n<\/p>\n<p><input class=\"wpcf7-form-control wpcf7-submit has-spinner\" type=\"submit\" value=\"Envoyer\" \/>\n<\/p><input type='hidden' class='wpcf7-pum' value='{\"closepopup\":false,\"closedelay\":0,\"openpopup\":false,\"openpopup_id\":0}' \/><div class=\"wpcf7-response-output\" aria-hidden=\"true\"><\/div>\n<\/form>\n<\/div>\n[\/vc_column][\/vc_row]<\/p>\n<\/section>","protected":false},"excerpt":{"rendered":"<p>[vc_row][vc_column][vc_empty_space height=\u00a0\u00bb125px\u00a0\u00bb css=\u00a0\u00bb.vc_custom_1742405992797{margin-top: -100px !important;background-image: url(https:\/\/www.joailleriedespins.fr\/wp-content\/uploads\/2025\/03\/banniere-page-projets.jpg?id=4446) !important;background-position: 0 0 !important;background-repeat: no-repeat !important;}\u00a0\u00bb][\/vc_column][\/vc_row][vc_row css=\u00a0\u00bb.vc_custom_1742280504218{margin-top: -150px !important;}\u00a0\u00bb][vc_column][\/vc_column][\/vc_row][vc_row full_width=\u00a0\u00bbstretch_row\u00a0\u00bb][vc_column align=\u00a0\u00bbtext-center\u00a0\u00bb][\/vc_column][\/vc_row]<\/p>\n","protected":false},"author":3,"featured_media":0,"parent":0,"menu_order":0,"comment_status":"closed","ping_status":"closed","template":"","meta":{"footnotes":""},"class_list":["post-4420","page","type-page","status-publish","hentry"],"_links":{"self":[{"href":"https:\/\/www.joailleriedespins.fr\/index.php?rest_route=\/wp\/v2\/pages\/4420","targetHints":{"allow":["GET"]}}],"collection":[{"href":"https:\/\/www.joailleriedespins.fr\/index.php?rest_route=\/wp\/v2\/pages"}],"about":[{"href":"https:\/\/www.joailleriedespins.fr\/index.php?rest_route=\/wp\/v2\/types\/page"}],"author":[{"embeddable":true,"href":"https:\/\/www.joailleriedespins.fr\/index.php?rest_route=\/wp\/v2\/users\/3"}],"replies":[{"embeddable":true,"href":"https:\/\/www.joailleriedespins.fr\/index.php?rest_route=%2Fwp%2Fv2%2Fcomments&post=4420"}],"version-history":[{"count":22,"href":"https:\/\/www.joailleriedespins.fr\/index.php?rest_route=\/wp\/v2\/pages\/4420\/revisions"}],"predecessor-version":[{"id":4448,"href":"https:\/\/www.joailleriedespins.fr\/index.php?rest_route=\/wp\/v2\/pages\/4420\/revisions\/4448"}],"wp:attachment":[{"href":"https:\/\/www.joailleriedespins.fr\/index.php?rest_route=%2Fwp%2Fv2%2Fmedia&parent=4420"}],"curies":[{"name":"wp","href":"https:\/\/api.w.org\/{rel}","templated":true}]}}