{"id":6863,"date":"2025-04-13T20:52:11","date_gmt":"2025-04-13T18:52:11","guid":{"rendered":"https:\/\/www.joailleriedespins.fr\/?post_type=product&#038;p=6863"},"modified":"2025-07-31T21:13:08","modified_gmt":"2025-07-31T19:13:08","slug":"boucles-doreilles-18","status":"publish","type":"product","link":"https:\/\/www.joailleriedespins.fr\/?product=boucles-doreilles-18","title":{"rendered":"Boucles d&rsquo;oreilles"},"content":{"rendered":"","protected":false},"excerpt":{"rendered":"<p>Tous les bijoux sont enti\u00e8rement fabriqu\u00e9s \u00e0 la main: <a href=\"https:\/\/www.joailleriedespins.fr\/?p=4191\" target=\"_blank\" rel=\"noopener\"><u>en savoir plus ici<\/u><\/a><\/p>\n","protected":false},"featured_media":6725,"template":"","meta":[],"product_brand":[],"product_cat":[75,145],"product_tag":[73,136],"class_list":{"0":"post-6863","1":"product","2":"type-product","3":"status-publish","4":"has-post-thumbnail","6":"product_cat-accueil","7":"product_cat-boucles-doreilles-joaillerie","8":"product_tag-argent-925-1000eme","9":"product_tag-creoles","11":"first","12":"instock","13":"sale","14":"shipping-taxable","15":"purchasable","16":"product-type-simple"},"_links":{"self":[{"href":"https:\/\/www.joailleriedespins.fr\/index.php?rest_route=\/wp\/v2\/product\/6863","targetHints":{"allow":["GET"]}}],"collection":[{"href":"https:\/\/www.joailleriedespins.fr\/index.php?rest_route=\/wp\/v2\/product"}],"about":[{"href":"https:\/\/www.joailleriedespins.fr\/index.php?rest_route=\/wp\/v2\/types\/product"}],"wp:featuredmedia":[{"embeddable":true,"href":"https:\/\/www.joailleriedespins.fr\/index.php?rest_route=\/wp\/v2\/media\/6725"}],"wp:attachment":[{"href":"https:\/\/www.joailleriedespins.fr\/index.php?rest_route=%2Fwp%2Fv2%2Fmedia&parent=6863"}],"wp:term":[{"taxonomy":"product_brand","embeddable":true,"href":"https:\/\/www.joailleriedespins.fr\/index.php?rest_route=%2Fwp%2Fv2%2Fproduct_brand&post=6863"},{"taxonomy":"product_cat","embeddable":true,"href":"https:\/\/www.joailleriedespins.fr\/index.php?rest_route=%2Fwp%2Fv2%2Fproduct_cat&post=6863"},{"taxonomy":"product_tag","embeddable":true,"href":"https:\/\/www.joailleriedespins.fr\/index.php?rest_route=%2Fwp%2Fv2%2Fproduct_tag&post=6863"}],"curies":[{"name":"wp","href":"https:\/\/api.w.org\/{rel}","templated":true}]}}