{"id":6924,"date":"2025-04-13T22:51:22","date_gmt":"2025-04-13T20:51:22","guid":{"rendered":"https:\/\/www.joailleriedespins.fr\/?post_type=product&#038;p=6924"},"modified":"2025-04-14T06:27:20","modified_gmt":"2025-04-14T04:27:20","slug":"bracelet-3","status":"publish","type":"product","link":"https:\/\/www.joailleriedespins.fr\/?product=bracelet-3","title":{"rendered":"Bracelet Ambre"},"content":{"rendered":"","protected":false},"excerpt":{"rendered":"<p><span style=\"vertical-align: inherit;\"><span style=\"vertical-align: inherit;\">Longueur 15 \u00e0 20cm.<\/span><\/span><\/p>\n<p>Pierre: Ambre.<\/p>\n<p><span style=\"vertical-align: inherit;\"><span style=\"vertical-align: inherit;\">Tous les bijoux sont enti\u00e8rement fabriqu\u00e9s \u00e0 la main : <\/span><\/span><a href=\"https:\/\/www.joailleriedespins.fr\/?p=4191\" rel=\"noopener\"><u><span style=\"vertical-align: inherit;\"><span style=\"vertical-align: inherit;\">en savoir plus ici.<\/span><\/span><\/u><\/a><\/p>\n<p>&nbsp;<\/p>\n","protected":false},"featured_media":6916,"template":"","meta":[],"product_brand":[],"product_cat":[75,163,147],"product_tag":[73,76],"class_list":{"0":"post-6924","1":"product","2":"type-product","3":"status-publish","4":"has-post-thumbnail","6":"product_cat-accueil","7":"product_cat-joaillerie","8":"product_cat-bracelets-joaillerie","9":"product_tag-argent-925-1000eme","10":"product_tag-pierres-naturelles","12":"first","13":"instock","14":"shipping-taxable","15":"purchasable","16":"product-type-simple"},"_links":{"self":[{"href":"https:\/\/www.joailleriedespins.fr\/index.php?rest_route=\/wp\/v2\/product\/6924","targetHints":{"allow":["GET"]}}],"collection":[{"href":"https:\/\/www.joailleriedespins.fr\/index.php?rest_route=\/wp\/v2\/product"}],"about":[{"href":"https:\/\/www.joailleriedespins.fr\/index.php?rest_route=\/wp\/v2\/types\/product"}],"wp:featuredmedia":[{"embeddable":true,"href":"https:\/\/www.joailleriedespins.fr\/index.php?rest_route=\/wp\/v2\/media\/6916"}],"wp:attachment":[{"href":"https:\/\/www.joailleriedespins.fr\/index.php?rest_route=%2Fwp%2Fv2%2Fmedia&parent=6924"}],"wp:term":[{"taxonomy":"product_brand","embeddable":true,"href":"https:\/\/www.joailleriedespins.fr\/index.php?rest_route=%2Fwp%2Fv2%2Fproduct_brand&post=6924"},{"taxonomy":"product_cat","embeddable":true,"href":"https:\/\/www.joailleriedespins.fr\/index.php?rest_route=%2Fwp%2Fv2%2Fproduct_cat&post=6924"},{"taxonomy":"product_tag","embeddable":true,"href":"https:\/\/www.joailleriedespins.fr\/index.php?rest_route=%2Fwp%2Fv2%2Fproduct_tag&post=6924"}],"curies":[{"name":"wp","href":"https:\/\/api.w.org\/{rel}","templated":true}]}}